{"id":19,"date":"2022-03-03T14:14:49","date_gmt":"2022-03-03T14:14:49","guid":{"rendered":"http:\/\/testpourformationsaulieu.local\/?post_type=product&#038;p=19"},"modified":"2022-03-03T14:14:49","modified_gmt":"2022-03-03T14:14:49","slug":"glace-a-la-vanille","status":"publish","type":"product","link":"https:\/\/nouveau.comenumerique.fr\/?product=glace-a-la-vanille","title":{"rendered":"Glace \u00e0 la vanille"},"content":{"rendered":"<p>D\u00e9gustez cette glace au go\u00fbt l\u00e9gendaire pour un maximum de plaisir.<\/p>\n","protected":false},"excerpt":{"rendered":"<p>Une glace hors du commun qui rappelle les saveurs de notre enfance !<\/p>\n","protected":false},"featured_media":21,"comment_status":"open","ping_status":"closed","template":"","meta":[],"product_cat":[17],"product_tag":[18,19],"class_list":{"0":"post-19","1":"product","2":"type-product","3":"status-publish","4":"has-post-thumbnail","6":"product_cat-glace-enfance","7":"product_tag-glace","8":"product_tag-vanille","10":"entry","11":"has-media","13":"first","14":"instock","15":"shipping-taxable","16":"purchasable","17":"product-type-simple","18":"has-product-nav","19":"col","20":"span_1_of_3","21":"owp-content-center","22":"owp-thumbs-layout-horizontal","23":"owp-btn-normal","24":"owp-tabs-layout-horizontal","25":"has-no-thumbnails"},"aioseo_notices":[],"_links":{"self":[{"href":"https:\/\/nouveau.comenumerique.fr\/index.php?rest_route=\/wp\/v2\/product\/19","targetHints":{"allow":["GET"]}}],"collection":[{"href":"https:\/\/nouveau.comenumerique.fr\/index.php?rest_route=\/wp\/v2\/product"}],"about":[{"href":"https:\/\/nouveau.comenumerique.fr\/index.php?rest_route=\/wp\/v2\/types\/product"}],"replies":[{"embeddable":true,"href":"https:\/\/nouveau.comenumerique.fr\/index.php?rest_route=%2Fwp%2Fv2%2Fcomments&post=19"}],"wp:featuredmedia":[{"embeddable":true,"href":"https:\/\/nouveau.comenumerique.fr\/index.php?rest_route=\/wp\/v2\/media\/21"}],"wp:attachment":[{"href":"https:\/\/nouveau.comenumerique.fr\/index.php?rest_route=%2Fwp%2Fv2%2Fmedia&parent=19"}],"wp:term":[{"taxonomy":"product_cat","embeddable":true,"href":"https:\/\/nouveau.comenumerique.fr\/index.php?rest_route=%2Fwp%2Fv2%2Fproduct_cat&post=19"},{"taxonomy":"product_tag","embeddable":true,"href":"https:\/\/nouveau.comenumerique.fr\/index.php?rest_route=%2Fwp%2Fv2%2Fproduct_tag&post=19"}],"curies":[{"name":"wp","href":"https:\/\/api.w.org\/{rel}","templated":true}]}}